{"id":12429,"date":"2020-01-15T15:16:59","date_gmt":"2020-01-15T14:16:59","guid":{"rendered":"https:\/\/www.laamrani-law.com\/publications\/"},"modified":"2020-05-24T19:35:24","modified_gmt":"2020-05-24T17:35:24","slug":"publications","status":"publish","type":"page","link":"https:\/\/www.laamrani-law.com\/en\/publications\/","title":{"rendered":"Publications"},"content":{"rendered":"<div class=\"wpb-content-wrapper\"><p>[vc_row themestek_bgcolor=&#8221;white&#8221; full_width=&#8221;stretch_row&#8221; gap=&#8221;0px&#8221; css=&#8221;.vc_custom_1579168164884{padding-bottom: 20px !important;}&#8221; el_class=&#8221;applic-item&#8221;][vc_column width=&#8221;1\/3&#8243;][vc_single_image image=&#8221;11883&#8243; img_size=&#8221;full&#8221;][\/vc_column][vc_column width=&#8221;2\/3&#8243;]<h4 style=\"text-align:left;\" class=\"themestek-custom-heading \" >Le l\u00e9gislateur a apport\u00e9 une r\u00e9forme majeure en instaurant le diagnostic pr\u00e9coce des difficult\u00e9s.<\/h4>\n[vc_column_text]Le l\u00e9gislateur a apport\u00e9 une r\u00e9forme majeure en instaurant le diagnostic pr\u00e9cose des difficult\u00e9s.<br \/>\n\u201cQuels sont \u00e0 votre avis les principaux apports de ce texte ? \u201d<br \/>\nConcr\u00e8tement, le nouveau texte a apport\u00e9 deux r\u00e9formes majeures : l\u2019extension du champs d\u2019intervention du mandataire sp\u00e9cial et l\u2019autonomie conf\u00e9r\u00e9e au chef d\u2019entreprise en cas de proc\u00e9dure de sauvegarde. Cette derni\u00e8re proc\u00e9dure se caract\u00e9rise par trois aspects\u2026[\/vc_column_text][vc_btn title=&#8221;Read more&#8221; align=&#8221;left&#8221; link=&#8221;url:http%3A%2F%2Fwww.laamrani-law.com%2Fwp-content%2Fuploads%2F2020%2F01%2Flavie_echo_05_Avril_article_abelatif_laamrani_legislateur.pdf||target:%20_blank|&#8221;][\/vc_column][\/vc_row][vc_row themestek_bgcolor=&#8221;grey&#8221; full_width=&#8221;stretch_row&#8221; gap=&#8221;0px&#8221; css=&#8221;.vc_custom_1579168172250{padding-bottom: 20px !important;}&#8221; el_class=&#8221;applic-item&#8221;][vc_column width=&#8221;2\/3&#8243;]<h4 style=\"text-align:left;\" class=\"themestek-custom-heading \" >L\u2019affaire Ghosn, vue par Maitre Abdelatif Laamrani avocat aux barreaux de Casablanca et Paris.<\/h4>\n[vc_column_text]L\u2019arrestation, ce 19 novembre 2018 du patron de l\u2019Alliance Renault-Nissan-Mitsubishi \u00e0 sa descente de son jet priv\u00e9 \u00e0 l\u2019a\u00e9roport de Tokyo, devant les yeux des cam\u00e9ras a fait l\u2019effet d\u2019une bombe, non seulement dans le microcosme industriel, mais dans tous les milieux financiers et \u00e9conomiques et au sein de toutes les chancelleries. Carlos Ghosn \u00e9tait le b\u00e2tisseur du plus grand empire automobile mondial, il \u00e9tait souvent re\u00e7u avec les honneurs dus \u00e0 un chef d\u2019Etat. C\u2019est lui qui a sauv\u00e9 Nissan en 1999 de la faillite en en assurant la reprise et le redressement. Il a \u00e9t\u00e9 ensuite l\u2019artisan du rapprochement puis de l\u2019alliance Renault-Nissan-Mitsubishi. qu\u2019il a rehauss\u00e9 au rang de premier constructeur automobile mondiale, ce qui a fait de lui l\u2019un des capitaines d\u2019industrie les plus adul\u00e9s&#8230;[\/vc_column_text][vc_btn title=&#8221;Read more&#8221; align=&#8221;left&#8221; link=&#8221;url:http%3A%2F%2Falbayane.press.ma%2Flaffaire-ghosn-le-crepuscule-dune-idole-et-les-lecons-du-pouvoir.html||target:%20_blank|&#8221;][\/vc_column][vc_column width=&#8221;1\/3&#8243;][vc_single_image image=&#8221;11882&#8243; img_size=&#8221;full&#8221;][\/vc_column][\/vc_row][vc_row themestek_bgcolor=&#8221;white&#8221; full_width=&#8221;stretch_row&#8221; gap=&#8221;0px&#8221; css=&#8221;.vc_custom_1579168184610{padding-bottom: 20px !important;}&#8221; el_class=&#8221;applic-item&#8221;][vc_column width=&#8221;1\/3&#8243;][vc_single_image image=&#8221;11376&#8243; img_size=&#8221;full&#8221;][\/vc_column][vc_column width=&#8221;2\/3&#8243;]<h4 style=\"text-align:left;\" class=\"themestek-custom-heading \" >La nature juridique du trait\u00e9 de r\u00e9assurance.<\/h4>\n[vc_column_text]La r\u00e9assurance est une activit\u00e9 \u00e9conomique tr\u00e8s particuli\u00e8re tendant \u00e0 prendre en charge une partie des risques d\u00e9passant les capacit\u00e9s de r\u00e9tention des assureurs, leur permettant ainsi d\u2019am\u00e9liorer leurs r\u00e9sultats techniques.<\/p>\n<p>La plupart des l\u00e9gislations n\u2019incluent pas la r\u00e9assurance dans leur code des assurances, il s\u2019ensuit une situation de vide juridique posant probl\u00e8me en cas de survenance d\u2019un diff\u00e9rend, entre c\u00e9dantes et r\u00e9assureurs, d\u2019o\u00f9 l\u2019int\u00e9r\u00eat de tenter une qualification juridique du trait\u00e9 de r\u00e9assurance&#8230;[\/vc_column_text][vc_btn title=&#8221;Read more&#8221; align=&#8221;left&#8221; link=&#8221;url:http%3A%2F%2Fwww.laamrani-law.com%2Fwp-content%2Fuploads%2F2020%2F01%2FFeature-6_MENA-BLR-3_2018-1.pdf||target:%20_blank|&#8221;][\/vc_column][\/vc_row][vc_row themestek_bgcolor=&#8221;grey&#8221; full_width=&#8221;stretch_row&#8221; gap=&#8221;0px&#8221; css=&#8221;.vc_custom_1579168196189{padding-bottom: 20px !important;}&#8221; el_class=&#8221;applic-item&#8221;][vc_column width=&#8221;2\/3&#8243;]<h4 style=\"text-align:left;\" class=\"themestek-custom-heading \" >Solutions juridiques d\u2019exploitation des infrastructures portuaires au Maroc.<\/h4>\n[vc_column_text]Le port n\u2019est pas seulement une infrastructure situ\u00e9e sur le littoral maritime destin\u00e9e \u00e0 accueillir des bateaux et des navires, tendant \u00e0 relayer un point terrestre \u00e0 d\u2019autres contr\u00e9es \u00e0 travers la mer, il est m\u00eame parfois un \u00e9l\u00e9ment fondateur des civilisations et un pr\u00e9requis n\u00e9cessaire \u00e0 la puissance \u00e9conomique des nations bord\u00e9es par les eaux marines&#8230;[\/vc_column_text][vc_btn title=&#8221;Read more&#8221; align=&#8221;left&#8221; el_class=&#8221;open-applic1&#8243;][\/vc_column][vc_column width=&#8221;1\/3&#8243;][vc_single_image image=&#8221;11885&#8243; img_size=&#8221;full&#8221;][\/vc_column][\/vc_row][vc_row themestek_bgcolor=&#8221;white&#8221; full_width=&#8221;stretch_row&#8221; gap=&#8221;0px&#8221; css=&#8221;.vc_custom_1579168201569{padding-bottom: 20px !important;}&#8221; el_class=&#8221;applic-item&#8221;][vc_column width=&#8221;1\/3&#8243;][vc_single_image image=&#8221;11886&#8243; img_size=&#8221;full&#8221;][\/vc_column][vc_column width=&#8221;2\/3&#8243;]<h4 style=\"text-align:left;\" class=\"themestek-custom-heading \" >Partenariats Publics-Priv\u00e9s au Maroc, quel avenir ?<\/h4>\n[vc_column_text]L\u2019ambition de cette modeste contribution n\u2019est pas de lever le voile enti\u00e8rement sur la mati\u00e8re des partenariats public-priv\u00e9, PPP, le lecteur int\u00e9ress\u00e9 trouverait une litt\u00e9rature surtout europ\u00e9enne abondante qui d\u00e9friche le sujet et l\u2019\u00e9tudie en profondeur. En effet, le PPP fait l\u2019objet actuellement d\u2019un int\u00e9r\u00eat marqu\u00e9 en Europe, il est m\u00eame un sujet d\u2019\u00e9tude \u00ab en vogue \u00bb puisqu\u2019il n y a pas un mois qui passe sans que l\u2019on assiste \u00e0 une conf\u00e9rence ou un s\u00e9minaire qui traite le sujet&#8230;[\/vc_column_text][vc_btn title=&#8221;Read more&#8221; align=&#8221;left&#8221; el_class=&#8221;open-applic2&#8243;][\/vc_column][\/vc_row][vc_row themestek_bgcolor=&#8221;grey&#8221; full_width=&#8221;stretch_row&#8221; gap=&#8221;0px&#8221; css=&#8221;.vc_custom_1579168213713{padding-bottom: 20px !important;}&#8221; el_class=&#8221;applic-item&#8221;][vc_column width=&#8221;2\/3&#8243;]<h4 style=\"text-align:left;\" class=\"themestek-custom-heading \" >La re\u0301forme des proce\u0301dures de traitement des difficulte\u0301s d\u2019entreprise au Maroc<\/h4>\n[vc_column_text]Les questionnements pratiques que se posent ces derniers temps les entrepreneurs et les investisseurs par rapport \u00e0 la r\u00e9forme du livre V du code du commerce relatif au traitement des difficult\u00e9s d\u2019entreprise, portent essentiellement sur un certain nombre d\u2019aspects de gestion quotidienne, li\u00e9s \u00e0 la survenance de difficult\u00e9s financi\u00e8res et de tr\u00e9sorerie&#8230;[\/vc_column_text][vc_btn title=&#8221;Read more&#8221; align=&#8221;left&#8221; el_class=&#8221;open-applic3&#8243;][\/vc_column][vc_column width=&#8221;1\/3&#8243;][vc_single_image image=&#8221;11561&#8243; img_size=&#8221;full&#8221;][\/vc_column][\/vc_row]<\/p>\n<\/div>","protected":false},"excerpt":{"rendered":"<p>[vc_row themestek_bgcolor=&#8221;white&#8221; full_width=&#8221;stretch_row&#8221; gap=&#8221;0px&#8221; css=&#8221;.vc_custom_1579168164884{padding-bottom: 20px !important;}&#8221; el_class=&#8221;applic-item&#8221;][vc_column width=&#8221;1\/3&#8243;][vc_single_image image=&#8221;11883&#8243; img_size=&#8221;full&#8221;][\/vc_column][vc_column width=&#8221;2\/3&#8243;][vc_column_text]Le l\u00e9gislateur a apport\u00e9 une r\u00e9forme majeure en instaurant le diagnostic pr\u00e9cose des difficult\u00e9s. \u201cQuels sont \u00e0 votre avis les principaux apports de ce texte ? \u201d Concr\u00e8tement, le nouveau texte a apport\u00e9 deux r\u00e9formes majeures : l\u2019extension du champs d\u2019intervention du mandataire sp\u00e9cial &hellip; <a href=\"https:\/\/www.laamrani-law.com\/en\/publications\/\" class=\"more-link\">Continue reading <span class=\"screen-reader-text\">Publications<\/span><\/a><\/p>\n","protected":false},"author":1,"featured_media":0,"parent":0,"menu_order":4,"comment_status":"closed","ping_status":"closed","template":"","meta":{"footnotes":""},"class_list":["post-12429","page","type-page","status-publish","hentry"],"yoast_head":"<!-- This site is optimized with the Yoast SEO plugin v27.6 - https:\/\/yoast.com\/product\/yoast-seo-wordpress\/ -->\n<title>Publications - Laamrani Law Firm - Avocat Casablanca, Paris et Montr\u00e9al Abdelatif Laamrani<\/title>\n<meta name=\"robots\" content=\"index, follow, max-snippet:-1, max-image-preview:large, max-video-preview:-1\" \/>\n<link rel=\"canonical\" href=\"https:\/\/www.laamrani-law.com\/en\/publications\/\" \/>\n<meta property=\"og:locale\" content=\"en_US\" \/>\n<meta property=\"og:type\" content=\"article\" \/>\n<meta property=\"og:title\" content=\"Publications - Laamrani Law Firm - Avocat Casablanca, Paris et Montr\u00e9al Abdelatif Laamrani\" \/>\n<meta property=\"og:description\" content=\"[vc_row themestek_bgcolor=&#8221;white&#8221; full_width=&#8221;stretch_row&#8221; gap=&#8221;0px&#8221; css=&#8221;.vc_custom_1579168164884{padding-bottom: 20px !important;}&#8221; el_class=&#8221;applic-item&#8221;][vc_column width=&#8221;1\/3&#8243;][vc_single_image image=&#8221;11883&#8243; img_size=&#8221;full&#8221;][\/vc_column][vc_column width=&#8221;2\/3&#8243;][vc_column_text]Le l\u00e9gislateur a apport\u00e9 une r\u00e9forme majeure en instaurant le diagnostic pr\u00e9cose des difficult\u00e9s. \u201cQuels sont \u00e0 votre avis les principaux apports de ce texte ? \u201d Concr\u00e8tement, le nouveau texte a apport\u00e9 deux r\u00e9formes majeures : l\u2019extension du champs d\u2019intervention du mandataire sp\u00e9cial &hellip; Continue reading Publications\" \/>\n<meta property=\"og:url\" content=\"https:\/\/www.laamrani-law.com\/en\/publications\/\" \/>\n<meta property=\"og:site_name\" content=\"Laamrani Law Firm - Avocat Casablanca, Paris et Montr\u00e9al Abdelatif Laamrani\" \/>\n<meta property=\"article:modified_time\" content=\"2020-05-24T17:35:24+00:00\" \/>\n<meta name=\"twitter:card\" content=\"summary_large_image\" \/>\n<meta name=\"twitter:label1\" content=\"Est. reading time\" \/>\n\t<meta name=\"twitter:data1\" content=\"5 minutes\" \/>\n<script type=\"application\/ld+json\" class=\"yoast-schema-graph\">{\"@context\":\"https:\\\/\\\/schema.org\",\"@graph\":[{\"@type\":\"WebPage\",\"@id\":\"https:\\\/\\\/www.laamrani-law.com\\\/en\\\/publications\\\/\",\"url\":\"https:\\\/\\\/www.laamrani-law.com\\\/en\\\/publications\\\/\",\"name\":\"Publications - Laamrani Law Firm - Avocat Casablanca, Paris et Montr\u00e9al Abdelatif Laamrani\",\"isPartOf\":{\"@id\":\"https:\\\/\\\/www.laamrani-law.com\\\/en\\\/#website\"},\"datePublished\":\"2020-01-15T14:16:59+00:00\",\"dateModified\":\"2020-05-24T17:35:24+00:00\",\"breadcrumb\":{\"@id\":\"https:\\\/\\\/www.laamrani-law.com\\\/en\\\/publications\\\/#breadcrumb\"},\"inLanguage\":\"en-US\",\"potentialAction\":[{\"@type\":\"ReadAction\",\"target\":[\"https:\\\/\\\/www.laamrani-law.com\\\/en\\\/publications\\\/\"]}]},{\"@type\":\"BreadcrumbList\",\"@id\":\"https:\\\/\\\/www.laamrani-law.com\\\/en\\\/publications\\\/#breadcrumb\",\"itemListElement\":[{\"@type\":\"ListItem\",\"position\":1,\"name\":\"Accueil\",\"item\":\"https:\\\/\\\/www.laamrani-law.com\\\/en\\\/\"},{\"@type\":\"ListItem\",\"position\":2,\"name\":\"Publications\"}]},{\"@type\":\"WebSite\",\"@id\":\"https:\\\/\\\/www.laamrani-law.com\\\/en\\\/#website\",\"url\":\"https:\\\/\\\/www.laamrani-law.com\\\/en\\\/\",\"name\":\"Laamrani Law Firm - Avocat Casablanca, Paris et Montr\u00e9al Abdelatif Laamrani\",\"description\":\"Avocat Maroc - Abdelatif Laamrani\",\"potentialAction\":[{\"@type\":\"SearchAction\",\"target\":{\"@type\":\"EntryPoint\",\"urlTemplate\":\"https:\\\/\\\/www.laamrani-law.com\\\/en\\\/?s={search_term_string}\"},\"query-input\":{\"@type\":\"PropertyValueSpecification\",\"valueRequired\":true,\"valueName\":\"search_term_string\"}}],\"inLanguage\":\"en-US\"}]}<\/script>\n<!-- \/ Yoast SEO plugin. -->","yoast_head_json":{"title":"Publications - Laamrani Law Firm - Avocat Casablanca, Paris et Montr\u00e9al Abdelatif Laamrani","robots":{"index":"index","follow":"follow","max-snippet":"max-snippet:-1","max-image-preview":"max-image-preview:large","max-video-preview":"max-video-preview:-1"},"canonical":"https:\/\/www.laamrani-law.com\/en\/publications\/","og_locale":"en_US","og_type":"article","og_title":"Publications - Laamrani Law Firm - Avocat Casablanca, Paris et Montr\u00e9al Abdelatif Laamrani","og_description":"[vc_row themestek_bgcolor=&#8221;white&#8221; full_width=&#8221;stretch_row&#8221; gap=&#8221;0px&#8221; css=&#8221;.vc_custom_1579168164884{padding-bottom: 20px !important;}&#8221; el_class=&#8221;applic-item&#8221;][vc_column width=&#8221;1\/3&#8243;][vc_single_image image=&#8221;11883&#8243; img_size=&#8221;full&#8221;][\/vc_column][vc_column width=&#8221;2\/3&#8243;][vc_column_text]Le l\u00e9gislateur a apport\u00e9 une r\u00e9forme majeure en instaurant le diagnostic pr\u00e9cose des difficult\u00e9s. \u201cQuels sont \u00e0 votre avis les principaux apports de ce texte ? \u201d Concr\u00e8tement, le nouveau texte a apport\u00e9 deux r\u00e9formes majeures : l\u2019extension du champs d\u2019intervention du mandataire sp\u00e9cial &hellip; Continue reading Publications","og_url":"https:\/\/www.laamrani-law.com\/en\/publications\/","og_site_name":"Laamrani Law Firm - Avocat Casablanca, Paris et Montr\u00e9al Abdelatif Laamrani","article_modified_time":"2020-05-24T17:35:24+00:00","twitter_card":"summary_large_image","twitter_misc":{"Est. reading time":"5 minutes"},"schema":{"@context":"https:\/\/schema.org","@graph":[{"@type":"WebPage","@id":"https:\/\/www.laamrani-law.com\/en\/publications\/","url":"https:\/\/www.laamrani-law.com\/en\/publications\/","name":"Publications - Laamrani Law Firm - Avocat Casablanca, Paris et Montr\u00e9al Abdelatif Laamrani","isPartOf":{"@id":"https:\/\/www.laamrani-law.com\/en\/#website"},"datePublished":"2020-01-15T14:16:59+00:00","dateModified":"2020-05-24T17:35:24+00:00","breadcrumb":{"@id":"https:\/\/www.laamrani-law.com\/en\/publications\/#breadcrumb"},"inLanguage":"en-US","potentialAction":[{"@type":"ReadAction","target":["https:\/\/www.laamrani-law.com\/en\/publications\/"]}]},{"@type":"BreadcrumbList","@id":"https:\/\/www.laamrani-law.com\/en\/publications\/#breadcrumb","itemListElement":[{"@type":"ListItem","position":1,"name":"Accueil","item":"https:\/\/www.laamrani-law.com\/en\/"},{"@type":"ListItem","position":2,"name":"Publications"}]},{"@type":"WebSite","@id":"https:\/\/www.laamrani-law.com\/en\/#website","url":"https:\/\/www.laamrani-law.com\/en\/","name":"Laamrani Law Firm - Avocat Casablanca, Paris et Montr\u00e9al Abdelatif Laamrani","description":"Avocat Maroc - Abdelatif Laamrani","potentialAction":[{"@type":"SearchAction","target":{"@type":"EntryPoint","urlTemplate":"https:\/\/www.laamrani-law.com\/en\/?s={search_term_string}"},"query-input":{"@type":"PropertyValueSpecification","valueRequired":true,"valueName":"search_term_string"}}],"inLanguage":"en-US"}]}},"_links":{"self":[{"href":"https:\/\/www.laamrani-law.com\/en\/wp-json\/wp\/v2\/pages\/12429","targetHints":{"allow":["GET"]}}],"collection":[{"href":"https:\/\/www.laamrani-law.com\/en\/wp-json\/wp\/v2\/pages"}],"about":[{"href":"https:\/\/www.laamrani-law.com\/en\/wp-json\/wp\/v2\/types\/page"}],"author":[{"embeddable":true,"href":"https:\/\/www.laamrani-law.com\/en\/wp-json\/wp\/v2\/users\/1"}],"replies":[{"embeddable":true,"href":"https:\/\/www.laamrani-law.com\/en\/wp-json\/wp\/v2\/comments?post=12429"}],"version-history":[{"count":2,"href":"https:\/\/www.laamrani-law.com\/en\/wp-json\/wp\/v2\/pages\/12429\/revisions"}],"predecessor-version":[{"id":12728,"href":"https:\/\/www.laamrani-law.com\/en\/wp-json\/wp\/v2\/pages\/12429\/revisions\/12728"}],"wp:attachment":[{"href":"https:\/\/www.laamrani-law.com\/en\/wp-json\/wp\/v2\/media?parent=12429"}],"curies":[{"name":"wp","href":"https:\/\/api.w.org\/{rel}","templated":true}]}}