{"id":12397,"date":"2020-05-09T17:43:02","date_gmt":"2020-05-09T15:43:02","guid":{"rendered":"https:\/\/www.laamrani-law.com\/mentions-legales\/"},"modified":"2021-03-29T11:44:43","modified_gmt":"2021-03-29T10:44:43","slug":"legal-notice","status":"publish","type":"page","link":"https:\/\/www.laamrani-law.com\/en\/legal-notice\/","title":{"rendered":"Legal notice"},"content":{"rendered":"<div class=\"wpb-content-wrapper\"><p>[vc_row el_class=&#8221;cabinet-title&#8221;][vc_column][vc_column_text]<\/p>\n<div class=\"content\">\n<h2 class=\"text-divider-double\">Mentions l\u00e9gales &#8211; Site web Avocat Maroc, France, Canada.<\/h2>\n<\/div>\n<p>[\/vc_column_text][\/vc_column][\/vc_row][vc_row][vc_column][vc_column_text]<strong>Pr\u00e9ambule<\/strong><\/p>\n<p>Le pr\u00e9sent site web, accessible \u00e0 partir de l\u2019adresse URL\u00a0\u00a0<a href=\"https:\/\/www.laamrani-law.com\/en\/\">www.laamrani-law.com\/<\/a>\u00a0(ci-apr\u00e8s le Site Internet) est \u00e9dit\u00e9 par le Cabinet Laamrani, cabinet d\u2019avocats exer\u00e7ant sous la forme individuelle, r\u00e9glementant la profession d\u2019avocats, situ\u00e9 \u00e0 l\u2019adresse suivante : Boulevard du Pr\u00e9sident F\u00e9lix Houphouet Boigny, 5\u00e8me \u00e9tage, \u2116 6, Casablanca Maroc<\/p>\n<p>T\u00e9l\u00e9phone : +<a href=\"tel:+212%20522%20448%20273\">212 522 448\u00a0273<\/a><\/p>\n<p>Le Directeur de la publication du Site Internet est\u00a0<strong>Ma\u00eetre Abdelatif Laamrani\u00a0<\/strong>(email :\u00a0<u>al@laamrani-law.com<\/u>).<\/p>\n<p>L\u2019h\u00e9bergeur du Site Internet est la soci\u00e9t\u00e9 www.wave.ma<\/p>\n<p>Le cr\u00e9ateur du Site Internet est la soci\u00e9t\u00e9\u00a0www.wave.ma<\/p>\n<p><strong>Les informations consultables sur le pr\u00e9sent site ne constituent en aucune fa\u00e7on une offre de services, ni une offre ou une recommandation ou une sollicitation d\u2019offre de ces services.<\/strong><\/p>\n<p>Le Site Internet est r\u00e9serv\u00e9 \u00e0 l\u2019usage priv\u00e9 de chaque Utilisateur.<\/p>\n<p>Le Site Internet et les donn\u00e9es, informations et documents qu\u2019il fournit, le cas \u00e9ch\u00e9ant, n\u2019ont qu\u2019un objectif d\u2019information g\u00e9n\u00e9rale, et par d\u00e9finition, non exhaustive sur le Cabinet Laamrani Law Firm et ne constitue pas un conseil juridique en tant que tel, un d\u00e9marchage, une sollicitation et\/ou une offre de services au sens de l\u2019article 35 de la loi n\u00b0 28-08.<\/p>\n<p>Le Site Internet Laamrani-Law a \u00e9t\u00e9 soumis \u00e0 l\u2019Ordre des Avocats du Barreau de Casablanca, MAROC, conform\u00e9ment \u00e0 l\u2019article 35, dernier alin\u00e9a de la loi n\u00b0 28-08.<\/p>\n<p><strong>ARTICLE 1- FONCTIONNEMENT<\/strong><\/p>\n<p>Notre site \u00ab\u00a0www.laamrani-law.com\u00a0\u00bb (ci-apr\u00e8s le Site) est accessible 7 jours sur 7, 24 heures sur 24, sous r\u00e9serve des interruptions n\u00e9cessaires aux op\u00e9rations techniques de maintenance, d\u2019entretien et de mise \u00e0 jour que Le Cabinet Laamrani jugerait utiles d\u2019effectuer.<\/p>\n<p><strong>ARTICLE 2. DONNEES PERSONNELLES<\/strong><\/p>\n<p>\u00ab\u00a0Laamrani Law\u00a0Firm \u00bb s\u2019engage \u00e0 ce que la collecte et le traitement de donn\u00e9es \u00e0 caract\u00e8re personnel, effectu\u00e9s \u00e0 partir du Site et dont Ma\u00eetre Laamrani est responsable, soient effectu\u00e9s conform\u00e9ment \u00e0 la loi n\u00b009-08 du 18 f\u00e9vrier 2009 relative \u00e0 La protection des personnes physiques \u00e0 l\u2019\u00e9gard du traitement des donn\u00e9es \u00e0 caract\u00e8re personnel.<\/p>\n<p>Par donn\u00e9es \u00e0 caract\u00e8re personnel, Laamrani Law Firm entend toutes les informations relatives \u00e0 une personne physique identifi\u00e9e ou identifiable par un ou plusieurs \u00e9l\u00e9ments qui lui sont propres fournies sur le Site notamment pour \u00a0contacter Ma\u00eetre Laamrani.<\/p>\n<p>Les informations personnelles ainsi fournies sur notre Site permettent le traitement des demandes de consultation.<\/p>\n<p>Les donn\u00e9es \u00e0 caract\u00e8re personnel collect\u00e9es sur notre Site ne peuvent \u00eatre transmises qu\u2019aux avocats associ\u00e9s \u00e0 Me Laamrani dans le traitement d\u2019un dossier d\u00e9termin\u00e9, personnel administratif, assistante, ou prestataire de service informatique.<\/p>\n<p>Les donn\u00e9es personnelles ne sont pas transf\u00e9r\u00e9es vers des Etats \u00e9trangers.<\/p>\n<p>Vous disposez d\u2019un droit d\u2019opposition au traitement par\u00a0 \u00ab\u00a0Laamrani Law\u00a0Firm \u00bb des donn\u00e9es personnelles vous concernant. En outre, vous disposez d\u2019un droit d\u2019acc\u00e8s, de communication, de modification, de rectification et de suppression des informations vous concernant, et recueillies lors de vos visites du Site.<\/p>\n<p>Le Cabinet Laamrani vous enverra une simple copie des donn\u00e9es \u00e0 caract\u00e8re personnel vous concernant, \u00e0 votre demande moyennant versement des co\u00fbts de reproduction de celle-ci et autres frais divers.<\/p>\n<p>Toutefois, Le Cabinet Laamrani \u00a0peut \u00a0s\u2019opposer aux demandes manifestement abusives, notamment par leur nombre, leur caract\u00e8re r\u00e9curent, r\u00e9p\u00e9titif ou syst\u00e9matique.<\/p>\n<p>Pour exercer vos droits, mentionn\u00e9s\u00a0 ci-dessus, il suffit d\u2019adresser un courrier postal \u00e0 l\u2019adresse suivante\u00a0:<\/p>\n<p>Boulevard du Pr\u00e9sident F\u00e9lix Houphouet Boigny, 5\u00e8me \u00e9tage, \u2116 6. Casablanca Maroc.<\/p>\n<p>Les informations personnelles collect\u00e9es \u00e0 partir du Site sont conserv\u00e9es conform\u00e9ment aux r\u00e8gles prescrites par la loi n\u00b009-08 du 18 f\u00e9vrier 2009 relative \u00e0 La protection des personnes physiques \u00e0 l\u2019\u00e9gard du traitement des donn\u00e9es \u00e0 caract\u00e8re personnel.<\/p>\n<p><strong>ARTICLE 3-PROPRIETE INTELLECTUELLE<\/strong><\/p>\n<p>La structure g\u00e9n\u00e9rale de notre Site et l\u2019ensemble des contenus diffus\u00e9s sur ce Site (images, articles, photographies, logos, marques, vid\u00e9os, interviews, sons, textes\u2026), sont prot\u00e9g\u00e9s par la l\u00e9gislation en vigueur en Maroc en mati\u00e8re de propri\u00e9t\u00e9 intellectuelle, et notamment le droit d\u2019auteur, les droits voisins, le droit des marques, le droit \u00e0 l\u2019image, et par la l\u00e9gislation internationale en vigueur.<\/p>\n<p>Tous les droits de reproduction sont r\u00e9serv\u00e9s, y compris pour les photos, les textes, les documents t\u00e9l\u00e9chargeables et les repr\u00e9sentations iconographiques.<\/p>\n<p>Ceci \u00e9tant, et \u00e0 d\u00e9faut d\u2019autorisation expresse \u00e9crite du Cabinet Laamrani Law Firm, il est formellement interdit de reproduire ou de repr\u00e9senter les contenus de notre Site \u00e0 d\u2019autres fins que de consultation personnelle, de les modifier ou les adapter en tout ou partie.<\/p>\n<p><strong>ARTICLE 4- RESPONSABILITE<\/strong><\/p>\n<p>Le Site Internet Laamrani Law Firm a pour objet de pr\u00e9senter l\u2019activit\u00e9 du Cabinet Laamrani.<\/p>\n<p>Aucune des informations figurant sur le Site ne pourra \u00eatre interpr\u00e9t\u00e9e comme ayant une vocation d\u2019engagement ou repr\u00e9sentant une information pr\u00e9contractuelle relative aux prestations du Cabinet, ni comme constituant la description d\u2019une obligation de r\u00e9sultat de quelque mani\u00e8re que ce soit.<\/p>\n<p><strong>Ma\u00eetre Laamrani d\u00e9cline toute responsabilit\u00e9 quant \u00e0 la divulgation du secret\u00a0<\/strong>de la correspondance de l\u2019utilisateur ayant utilis\u00e9 le courrier \u00e9lectronique ou tout autre mode de communication utilisant le support du r\u00e9seau Internet et pouvant \u00eatre capt\u00e9s par un tiers, du fait du mode de circulation des donn\u00e9es sur ce r\u00e9seau.<\/p>\n<p><strong>Laamrani Law Firm<\/strong>\u00a0ne pourrait \u00eatre tenu responsable des effets, directs ou indirects, induits par des erreurs de saisie de coordonn\u00e9es ou d\u2019information erron\u00e9e ou incompl\u00e8te transmise par vos soins via le Site.<\/p>\n<p><strong>ARTICLE 5. LOI APPLICABLE<\/strong><\/p>\n<p>Le droit marocain est applicable au pr\u00e9sent Site.[\/vc_column_text][\/vc_column][\/vc_row]<\/p>\n<\/div>","protected":false},"excerpt":{"rendered":"<p>[vc_row el_class=&#8221;cabinet-title&#8221;][vc_column][vc_column_text] Mentions l\u00e9gales &#8211; Site web Avocat Maroc, France, Canada. [\/vc_column_text][\/vc_column][\/vc_row][vc_row][vc_column][vc_column_text]Pr\u00e9ambule Le pr\u00e9sent site web, accessible \u00e0 partir de l\u2019adresse URL\u00a0\u00a0www.laamrani-law.com\/\u00a0(ci-apr\u00e8s le Site Internet) est \u00e9dit\u00e9 par le Cabinet Laamrani, cabinet d\u2019avocats exer\u00e7ant sous la forme individuelle, r\u00e9glementant la profession d\u2019avocats, situ\u00e9 \u00e0 l\u2019adresse suivante : Boulevard du Pr\u00e9sident F\u00e9lix Houphouet Boigny, 5\u00e8me \u00e9tage, &hellip; <a href=\"https:\/\/www.laamrani-law.com\/en\/legal-notice\/\" class=\"more-link\">Continue reading <span class=\"screen-reader-text\">Legal notice<\/span><\/a><\/p>\n","protected":false},"author":1,"featured_media":0,"parent":0,"menu_order":0,"comment_status":"closed","ping_status":"closed","template":"","meta":{"footnotes":""},"class_list":["post-12397","page","type-page","status-publish","hentry"],"yoast_head":"<!-- This site is optimized with the Yoast SEO plugin v27.6 - https:\/\/yoast.com\/product\/yoast-seo-wordpress\/ -->\n<title>Legal notice - Laamrani Law Firm - Avocat Casablanca, Paris et Montr\u00e9al Abdelatif Laamrani<\/title>\n<meta name=\"robots\" content=\"index, follow, max-snippet:-1, max-image-preview:large, max-video-preview:-1\" \/>\n<link rel=\"canonical\" href=\"https:\/\/www.laamrani-law.com\/en\/legal-notice\/\" \/>\n<meta property=\"og:locale\" content=\"en_US\" \/>\n<meta property=\"og:type\" content=\"article\" \/>\n<meta property=\"og:title\" content=\"Legal notice - Laamrani Law Firm - Avocat Casablanca, Paris et Montr\u00e9al Abdelatif Laamrani\" \/>\n<meta property=\"og:description\" content=\"[vc_row el_class=&#8221;cabinet-title&#8221;][vc_column][vc_column_text] Mentions l\u00e9gales &#8211; Site web Avocat Maroc, France, Canada. [\/vc_column_text][\/vc_column][\/vc_row][vc_row][vc_column][vc_column_text]Pr\u00e9ambule Le pr\u00e9sent site web, accessible \u00e0 partir de l\u2019adresse URL\u00a0\u00a0www.laamrani-law.com\/\u00a0(ci-apr\u00e8s le Site Internet) est \u00e9dit\u00e9 par le Cabinet Laamrani, cabinet d\u2019avocats exer\u00e7ant sous la forme individuelle, r\u00e9glementant la profession d\u2019avocats, situ\u00e9 \u00e0 l\u2019adresse suivante : Boulevard du Pr\u00e9sident F\u00e9lix Houphouet Boigny, 5\u00e8me \u00e9tage, &hellip; Continue reading Legal notice\" \/>\n<meta property=\"og:url\" content=\"https:\/\/www.laamrani-law.com\/en\/legal-notice\/\" \/>\n<meta property=\"og:site_name\" content=\"Laamrani Law Firm - Avocat Casablanca, Paris et Montr\u00e9al Abdelatif Laamrani\" \/>\n<meta property=\"article:modified_time\" content=\"2021-03-29T10:44:43+00:00\" \/>\n<meta name=\"twitter:card\" content=\"summary_large_image\" \/>\n<meta name=\"twitter:label1\" content=\"Est. reading time\" \/>\n\t<meta name=\"twitter:data1\" content=\"5 minutes\" \/>\n<script type=\"application\/ld+json\" class=\"yoast-schema-graph\">{\"@context\":\"https:\\\/\\\/schema.org\",\"@graph\":[{\"@type\":\"WebPage\",\"@id\":\"https:\\\/\\\/www.laamrani-law.com\\\/en\\\/legal-notice\\\/\",\"url\":\"https:\\\/\\\/www.laamrani-law.com\\\/en\\\/legal-notice\\\/\",\"name\":\"Legal notice - Laamrani Law Firm - Avocat Casablanca, Paris et Montr\u00e9al Abdelatif Laamrani\",\"isPartOf\":{\"@id\":\"https:\\\/\\\/www.laamrani-law.com\\\/en\\\/#website\"},\"datePublished\":\"2020-05-09T15:43:02+00:00\",\"dateModified\":\"2021-03-29T10:44:43+00:00\",\"breadcrumb\":{\"@id\":\"https:\\\/\\\/www.laamrani-law.com\\\/en\\\/legal-notice\\\/#breadcrumb\"},\"inLanguage\":\"en-US\",\"potentialAction\":[{\"@type\":\"ReadAction\",\"target\":[\"https:\\\/\\\/www.laamrani-law.com\\\/en\\\/legal-notice\\\/\"]}]},{\"@type\":\"BreadcrumbList\",\"@id\":\"https:\\\/\\\/www.laamrani-law.com\\\/en\\\/legal-notice\\\/#breadcrumb\",\"itemListElement\":[{\"@type\":\"ListItem\",\"position\":1,\"name\":\"Accueil\",\"item\":\"https:\\\/\\\/www.laamrani-law.com\\\/en\\\/\"},{\"@type\":\"ListItem\",\"position\":2,\"name\":\"Legal notice\"}]},{\"@type\":\"WebSite\",\"@id\":\"https:\\\/\\\/www.laamrani-law.com\\\/en\\\/#website\",\"url\":\"https:\\\/\\\/www.laamrani-law.com\\\/en\\\/\",\"name\":\"Laamrani Law Firm - Avocat Casablanca, Paris et Montr\u00e9al Abdelatif Laamrani\",\"description\":\"Avocat Maroc - Abdelatif Laamrani\",\"potentialAction\":[{\"@type\":\"SearchAction\",\"target\":{\"@type\":\"EntryPoint\",\"urlTemplate\":\"https:\\\/\\\/www.laamrani-law.com\\\/en\\\/?s={search_term_string}\"},\"query-input\":{\"@type\":\"PropertyValueSpecification\",\"valueRequired\":true,\"valueName\":\"search_term_string\"}}],\"inLanguage\":\"en-US\"}]}<\/script>\n<!-- \/ Yoast SEO plugin. -->","yoast_head_json":{"title":"Legal notice - Laamrani Law Firm - Avocat Casablanca, Paris et Montr\u00e9al Abdelatif Laamrani","robots":{"index":"index","follow":"follow","max-snippet":"max-snippet:-1","max-image-preview":"max-image-preview:large","max-video-preview":"max-video-preview:-1"},"canonical":"https:\/\/www.laamrani-law.com\/en\/legal-notice\/","og_locale":"en_US","og_type":"article","og_title":"Legal notice - Laamrani Law Firm - Avocat Casablanca, Paris et Montr\u00e9al Abdelatif Laamrani","og_description":"[vc_row el_class=&#8221;cabinet-title&#8221;][vc_column][vc_column_text] Mentions l\u00e9gales &#8211; Site web Avocat Maroc, France, Canada. [\/vc_column_text][\/vc_column][\/vc_row][vc_row][vc_column][vc_column_text]Pr\u00e9ambule Le pr\u00e9sent site web, accessible \u00e0 partir de l\u2019adresse URL\u00a0\u00a0www.laamrani-law.com\/\u00a0(ci-apr\u00e8s le Site Internet) est \u00e9dit\u00e9 par le Cabinet Laamrani, cabinet d\u2019avocats exer\u00e7ant sous la forme individuelle, r\u00e9glementant la profession d\u2019avocats, situ\u00e9 \u00e0 l\u2019adresse suivante : Boulevard du Pr\u00e9sident F\u00e9lix Houphouet Boigny, 5\u00e8me \u00e9tage, &hellip; Continue reading Legal notice","og_url":"https:\/\/www.laamrani-law.com\/en\/legal-notice\/","og_site_name":"Laamrani Law Firm - Avocat Casablanca, Paris et Montr\u00e9al Abdelatif Laamrani","article_modified_time":"2021-03-29T10:44:43+00:00","twitter_card":"summary_large_image","twitter_misc":{"Est. reading time":"5 minutes"},"schema":{"@context":"https:\/\/schema.org","@graph":[{"@type":"WebPage","@id":"https:\/\/www.laamrani-law.com\/en\/legal-notice\/","url":"https:\/\/www.laamrani-law.com\/en\/legal-notice\/","name":"Legal notice - Laamrani Law Firm - Avocat Casablanca, Paris et Montr\u00e9al Abdelatif Laamrani","isPartOf":{"@id":"https:\/\/www.laamrani-law.com\/en\/#website"},"datePublished":"2020-05-09T15:43:02+00:00","dateModified":"2021-03-29T10:44:43+00:00","breadcrumb":{"@id":"https:\/\/www.laamrani-law.com\/en\/legal-notice\/#breadcrumb"},"inLanguage":"en-US","potentialAction":[{"@type":"ReadAction","target":["https:\/\/www.laamrani-law.com\/en\/legal-notice\/"]}]},{"@type":"BreadcrumbList","@id":"https:\/\/www.laamrani-law.com\/en\/legal-notice\/#breadcrumb","itemListElement":[{"@type":"ListItem","position":1,"name":"Accueil","item":"https:\/\/www.laamrani-law.com\/en\/"},{"@type":"ListItem","position":2,"name":"Legal notice"}]},{"@type":"WebSite","@id":"https:\/\/www.laamrani-law.com\/en\/#website","url":"https:\/\/www.laamrani-law.com\/en\/","name":"Laamrani Law Firm - Avocat Casablanca, Paris et Montr\u00e9al Abdelatif Laamrani","description":"Avocat Maroc - Abdelatif Laamrani","potentialAction":[{"@type":"SearchAction","target":{"@type":"EntryPoint","urlTemplate":"https:\/\/www.laamrani-law.com\/en\/?s={search_term_string}"},"query-input":{"@type":"PropertyValueSpecification","valueRequired":true,"valueName":"search_term_string"}}],"inLanguage":"en-US"}]}},"_links":{"self":[{"href":"https:\/\/www.laamrani-law.com\/en\/wp-json\/wp\/v2\/pages\/12397","targetHints":{"allow":["GET"]}}],"collection":[{"href":"https:\/\/www.laamrani-law.com\/en\/wp-json\/wp\/v2\/pages"}],"about":[{"href":"https:\/\/www.laamrani-law.com\/en\/wp-json\/wp\/v2\/types\/page"}],"author":[{"embeddable":true,"href":"https:\/\/www.laamrani-law.com\/en\/wp-json\/wp\/v2\/users\/1"}],"replies":[{"embeddable":true,"href":"https:\/\/www.laamrani-law.com\/en\/wp-json\/wp\/v2\/comments?post=12397"}],"version-history":[{"count":1,"href":"https:\/\/www.laamrani-law.com\/en\/wp-json\/wp\/v2\/pages\/12397\/revisions"}],"predecessor-version":[{"id":15965,"href":"https:\/\/www.laamrani-law.com\/en\/wp-json\/wp\/v2\/pages\/12397\/revisions\/15965"}],"wp:attachment":[{"href":"https:\/\/www.laamrani-law.com\/en\/wp-json\/wp\/v2\/media?parent=12397"}],"curies":[{"name":"wp","href":"https:\/\/api.w.org\/{rel}","templated":true}]}}